{"id":1094,"date":"2019-06-26T07:14:27","date_gmt":"2019-06-26T07:14:27","guid":{"rendered":"https:\/\/www.hotel-deauville-le-chantilly.fr\/hotel-le-chantilly-hotel-de-charme-deauville\/"},"modified":"2023-04-05T12:50:57","modified_gmt":"2023-04-05T12:50:57","slug":"hotel-le-chantilly-hotel-de-charme-deauville","status":"publish","type":"page","link":"https:\/\/www.hotel-deauville-le-chantilly.fr\/es\/","title":{"rendered":"H\u00f4tel Le Chantilly, h\u00f4tel de charme &#8211; Deauville"},"content":{"rendered":"<p>El Hotel Le Chantilly es un edificio t\u00edpico de Normand\u00eda de principios del siglo XX, a solo dos horas de Par\u00eds, el lugar ideal en el coraz\u00f3n de la ciudad de Deauville y de la maravillosa Costa Florida. Una balada en Les Planches, una velada en el Casino, un fin de semana en familia o con amigos.<\/p>\n<p>Sus 17 habitaciones, para 1 a 4 personas, est\u00e1n equipadas con todas las comodidades con ba\u00f1o privado, televisi\u00f3n y wifi de alta velocidad. Bandeja de cortes\u00eda con hervidor de agua y kit de caf\u00e9\/t\u00e9 est\u00e1n disponibles bajo petici\u00f3n. El Hotel Le Chantilly es su direcci\u00f3n agradable y c\u00e1lida para hacer de su estancia un momento inolvidable.<\/p>\n<div class=\"oSioSc\">\n<div id=\"tw-target\">\n<div id=\"kAz1tf\" class=\"g9WsWb\">\n<div id=\"tw-target-text-container\" class=\"tw-ta-container F0azHf tw-nfl\">\n<pre id=\"tw-target-text\" class=\"tw-data-text tw-text-large tw-ta\" dir=\"ltr\" data-placeholder=\"Traduction\"><span class=\"Y2IQFc\" lang=\"es\">El desayuno buffet est\u00e1 incluido en el precio de tu habitaci\u00f3n para cualquier reserva realizada en nuestra web oficial.<\/span><\/pre>\n<\/div>\n<\/div>\n<\/div>\n<\/div>\n<p>En Deauville, todas las estaciones son la ocasi\u00f3n de una escapada para descubrir nuestra magn\u00edfica regi\u00f3n a lo largo de los numerosos eventos y a trav\u00e9s de las m\u00faltiples infraestructuras dedicadas al ocio y al descubrimiento.<\/p>\n","protected":false},"excerpt":{"rendered":"<p>El Hotel Le Chantilly es un edificio t\u00edpico de Normand\u00eda de principios del siglo XX, a solo dos horas de Par\u00eds, el lugar ideal en el coraz\u00f3n de la ciudad de Deauville y de la maravillosa Costa Florida. Una balada en Les Planches, una velada en el Casino, un fin de semana en familia o [&hellip;]<\/p>\n","protected":false},"author":15,"featured_media":1095,"parent":0,"menu_order":1,"comment_status":"closed","ping_status":"closed","template":"","meta":{"footnotes":""},"class_list":["post-1094","page","type-page","status-publish","has-post-thumbnail","hentry"],"yoast_head":"<!-- This site is optimized with the Yoast SEO plugin v26.9 - https:\/\/yoast.com\/product\/yoast-seo-wordpress\/ -->\n<title>H\u00f4tel Le Chantilly, h\u00f4tel de charme - Deauville - Hotel Le Chantilly<\/title>\n<meta name=\"description\" content=\"A typical Normandy building from the beginning of the 20th century, Hotel Le Chantilly is, just two hours from Paris, the ideal place in the heart of the city of Deauville and the wonderful C\u00f4te Fleurie.\" \/>\n<meta name=\"robots\" content=\"index, follow, max-snippet:-1, max-image-preview:large, max-video-preview:-1\" \/>\n<link rel=\"canonical\" href=\"https:\/\/www.hotel-deauville-le-chantilly.fr\/es\/\" \/>\n<meta property=\"og:locale\" content=\"es_ES\" \/>\n<meta property=\"og:type\" content=\"article\" \/>\n<meta property=\"og:title\" content=\"H\u00f4tel Le Chantilly, h\u00f4tel de charme - Deauville - Hotel Le Chantilly\" \/>\n<meta property=\"og:description\" content=\"A typical Normandy building from the beginning of the 20th century, Hotel Le Chantilly is, just two hours from Paris, the ideal place in the heart of the city of Deauville and the wonderful C\u00f4te Fleurie.\" \/>\n<meta property=\"og:url\" content=\"https:\/\/www.hotel-deauville-le-chantilly.fr\/es\/\" \/>\n<meta property=\"og:site_name\" content=\"Hotel Le Chantilly\" \/>\n<meta property=\"article:modified_time\" content=\"2023-04-05T12:50:57+00:00\" \/>\n<meta property=\"og:image\" content=\"https:\/\/www.hotel-deauville-le-chantilly.fr\/wp-content\/uploads\/sites\/53\/2019\/06\/FACADE__.jpg\" \/>\n\t<meta property=\"og:image:width\" content=\"2940\" \/>\n\t<meta property=\"og:image:height\" content=\"1960\" \/>\n\t<meta property=\"og:image:type\" content=\"image\/jpeg\" \/>\n<meta name=\"twitter:card\" content=\"summary_large_image\" \/>\n<meta name=\"twitter:label1\" content=\"Tiempo de lectura\" \/>\n\t<meta name=\"twitter:data1\" content=\"1 minuto\" \/>\n<script type=\"application\/ld+json\" class=\"yoast-schema-graph\">{\"@context\":\"https:\/\/schema.org\",\"@graph\":[{\"@type\":\"WebPage\",\"@id\":\"https:\/\/www.hotel-deauville-le-chantilly.fr\/es\/\",\"url\":\"https:\/\/www.hotel-deauville-le-chantilly.fr\/es\/\",\"name\":\"H\u00f4tel Le Chantilly, h\u00f4tel de charme - Deauville - Hotel Le Chantilly\",\"isPartOf\":{\"@id\":\"https:\/\/www.hotel-deauville-le-chantilly.fr\/es\/#website\"},\"primaryImageOfPage\":{\"@id\":\"https:\/\/www.hotel-deauville-le-chantilly.fr\/es\/#primaryimage\"},\"image\":{\"@id\":\"https:\/\/www.hotel-deauville-le-chantilly.fr\/es\/#primaryimage\"},\"thumbnailUrl\":\"https:\/\/www.hotel-deauville-le-chantilly.fr\/wp-content\/uploads\/sites\/53\/2019\/06\/FACADE__.jpg\",\"datePublished\":\"2019-06-26T07:14:27+00:00\",\"dateModified\":\"2023-04-05T12:50:57+00:00\",\"description\":\"A typical Normandy building from the beginning of the 20th century, Hotel Le Chantilly is, just two hours from Paris, the ideal place in the heart of the city of Deauville and the wonderful C\u00f4te Fleurie.\",\"breadcrumb\":{\"@id\":\"https:\/\/www.hotel-deauville-le-chantilly.fr\/es\/#breadcrumb\"},\"inLanguage\":\"es\",\"potentialAction\":[{\"@type\":\"ReadAction\",\"target\":[\"https:\/\/www.hotel-deauville-le-chantilly.fr\/es\/\"]}]},{\"@type\":\"ImageObject\",\"inLanguage\":\"es\",\"@id\":\"https:\/\/www.hotel-deauville-le-chantilly.fr\/es\/#primaryimage\",\"url\":\"https:\/\/www.hotel-deauville-le-chantilly.fr\/wp-content\/uploads\/sites\/53\/2019\/06\/FACADE__.jpg\",\"contentUrl\":\"https:\/\/www.hotel-deauville-le-chantilly.fr\/wp-content\/uploads\/sites\/53\/2019\/06\/FACADE__.jpg\",\"width\":2940,\"height\":1960},{\"@type\":\"BreadcrumbList\",\"@id\":\"https:\/\/www.hotel-deauville-le-chantilly.fr\/es\/#breadcrumb\",\"itemListElement\":[{\"@type\":\"ListItem\",\"position\":1,\"name\":\"Home\",\"item\":\"https:\/\/www.hotel-deauville-le-chantilly.fr\/es\/\"},{\"@type\":\"ListItem\",\"position\":2,\"name\":\"H\u00f4tel Le Chantilly, h\u00f4tel de charme &#8211; Deauville\"}]},{\"@type\":\"WebSite\",\"@id\":\"https:\/\/www.hotel-deauville-le-chantilly.fr\/es\/#website\",\"url\":\"https:\/\/www.hotel-deauville-le-chantilly.fr\/es\/\",\"name\":\"Hotel Le Chantilly\",\"description\":\"\",\"potentialAction\":[{\"@type\":\"SearchAction\",\"target\":{\"@type\":\"EntryPoint\",\"urlTemplate\":\"https:\/\/www.hotel-deauville-le-chantilly.fr\/es\/?s={search_term_string}\"},\"query-input\":{\"@type\":\"PropertyValueSpecification\",\"valueRequired\":true,\"valueName\":\"search_term_string\"}}],\"inLanguage\":\"es\"}]}<\/script>\n<!-- \/ Yoast SEO plugin. -->","yoast_head_json":{"title":"H\u00f4tel Le Chantilly, h\u00f4tel de charme - Deauville - Hotel Le Chantilly","description":"A typical Normandy building from the beginning of the 20th century, Hotel Le Chantilly is, just two hours from Paris, the ideal place in the heart of the city of Deauville and the wonderful C\u00f4te Fleurie.","robots":{"index":"index","follow":"follow","max-snippet":"max-snippet:-1","max-image-preview":"max-image-preview:large","max-video-preview":"max-video-preview:-1"},"canonical":"https:\/\/www.hotel-deauville-le-chantilly.fr\/es\/","og_locale":"es_ES","og_type":"article","og_title":"H\u00f4tel Le Chantilly, h\u00f4tel de charme - Deauville - Hotel Le Chantilly","og_description":"A typical Normandy building from the beginning of the 20th century, Hotel Le Chantilly is, just two hours from Paris, the ideal place in the heart of the city of Deauville and the wonderful C\u00f4te Fleurie.","og_url":"https:\/\/www.hotel-deauville-le-chantilly.fr\/es\/","og_site_name":"Hotel Le Chantilly","article_modified_time":"2023-04-05T12:50:57+00:00","og_image":[{"width":2940,"height":1960,"url":"https:\/\/www.hotel-deauville-le-chantilly.fr\/wp-content\/uploads\/sites\/53\/2019\/06\/FACADE__.jpg","type":"image\/jpeg"}],"twitter_card":"summary_large_image","twitter_misc":{"Tiempo de lectura":"1 minuto"},"schema":{"@context":"https:\/\/schema.org","@graph":[{"@type":"WebPage","@id":"https:\/\/www.hotel-deauville-le-chantilly.fr\/es\/","url":"https:\/\/www.hotel-deauville-le-chantilly.fr\/es\/","name":"H\u00f4tel Le Chantilly, h\u00f4tel de charme - Deauville - Hotel Le Chantilly","isPartOf":{"@id":"https:\/\/www.hotel-deauville-le-chantilly.fr\/es\/#website"},"primaryImageOfPage":{"@id":"https:\/\/www.hotel-deauville-le-chantilly.fr\/es\/#primaryimage"},"image":{"@id":"https:\/\/www.hotel-deauville-le-chantilly.fr\/es\/#primaryimage"},"thumbnailUrl":"https:\/\/www.hotel-deauville-le-chantilly.fr\/wp-content\/uploads\/sites\/53\/2019\/06\/FACADE__.jpg","datePublished":"2019-06-26T07:14:27+00:00","dateModified":"2023-04-05T12:50:57+00:00","description":"A typical Normandy building from the beginning of the 20th century, Hotel Le Chantilly is, just two hours from Paris, the ideal place in the heart of the city of Deauville and the wonderful C\u00f4te Fleurie.","breadcrumb":{"@id":"https:\/\/www.hotel-deauville-le-chantilly.fr\/es\/#breadcrumb"},"inLanguage":"es","potentialAction":[{"@type":"ReadAction","target":["https:\/\/www.hotel-deauville-le-chantilly.fr\/es\/"]}]},{"@type":"ImageObject","inLanguage":"es","@id":"https:\/\/www.hotel-deauville-le-chantilly.fr\/es\/#primaryimage","url":"https:\/\/www.hotel-deauville-le-chantilly.fr\/wp-content\/uploads\/sites\/53\/2019\/06\/FACADE__.jpg","contentUrl":"https:\/\/www.hotel-deauville-le-chantilly.fr\/wp-content\/uploads\/sites\/53\/2019\/06\/FACADE__.jpg","width":2940,"height":1960},{"@type":"BreadcrumbList","@id":"https:\/\/www.hotel-deauville-le-chantilly.fr\/es\/#breadcrumb","itemListElement":[{"@type":"ListItem","position":1,"name":"Home","item":"https:\/\/www.hotel-deauville-le-chantilly.fr\/es\/"},{"@type":"ListItem","position":2,"name":"H\u00f4tel Le Chantilly, h\u00f4tel de charme &#8211; Deauville"}]},{"@type":"WebSite","@id":"https:\/\/www.hotel-deauville-le-chantilly.fr\/es\/#website","url":"https:\/\/www.hotel-deauville-le-chantilly.fr\/es\/","name":"Hotel Le Chantilly","description":"","potentialAction":[{"@type":"SearchAction","target":{"@type":"EntryPoint","urlTemplate":"https:\/\/www.hotel-deauville-le-chantilly.fr\/es\/?s={search_term_string}"},"query-input":{"@type":"PropertyValueSpecification","valueRequired":true,"valueName":"search_term_string"}}],"inLanguage":"es"}]}},"acf":[],"_links":{"self":[{"href":"https:\/\/www.hotel-deauville-le-chantilly.fr\/es\/wp-json\/wp\/v2\/pages\/1094","targetHints":{"allow":["GET"]}}],"collection":[{"href":"https:\/\/www.hotel-deauville-le-chantilly.fr\/es\/wp-json\/wp\/v2\/pages"}],"about":[{"href":"https:\/\/www.hotel-deauville-le-chantilly.fr\/es\/wp-json\/wp\/v2\/types\/page"}],"author":[{"embeddable":true,"href":"https:\/\/www.hotel-deauville-le-chantilly.fr\/es\/wp-json\/wp\/v2\/users\/15"}],"replies":[{"embeddable":true,"href":"https:\/\/www.hotel-deauville-le-chantilly.fr\/es\/wp-json\/wp\/v2\/comments?post=1094"}],"version-history":[{"count":0,"href":"https:\/\/www.hotel-deauville-le-chantilly.fr\/es\/wp-json\/wp\/v2\/pages\/1094\/revisions"}],"wp:featuredmedia":[{"embeddable":true,"href":"https:\/\/www.hotel-deauville-le-chantilly.fr\/es\/wp-json\/wp\/v2\/media\/1095"}],"wp:attachment":[{"href":"https:\/\/www.hotel-deauville-le-chantilly.fr\/es\/wp-json\/wp\/v2\/media?parent=1094"}],"curies":[{"name":"wp","href":"https:\/\/api.w.org\/{rel}","templated":true}]}}