{"id":1102,"date":"2020-07-26T15:49:32","date_gmt":"2020-07-26T15:49:32","guid":{"rendered":"https:\/\/www.hotel-deauville-le-chantilly.fr\/1060-2\/"},"modified":"2022-09-24T15:05:43","modified_gmt":"2022-09-24T15:05:43","slug":"1060-2","status":"publish","type":"page","link":"https:\/\/www.hotel-deauville-le-chantilly.fr\/es\/1060-2\/","title":{"rendered":"Services"},"content":{"rendered":"<p style=\"text-align: center\">\u00bfQu\u00e9 m\u00e1s podemos hacer para complacerte<\/p>\n<p style=\"text-align: center\">Wifi de alta velocidad, bandeja y kits de cortes\u00eda bajo petici\u00f3n, sala de estar\/bar con su tarjeta 100% normanda.<br \/>\nEn el Hotel Le Chantilly hemos seleccionado una gama de socios s\u00f3lidos y preocupados por la calidad.<\/p>\n","protected":false},"excerpt":{"rendered":"<p>\u00bfQu\u00e9 m\u00e1s podemos hacer para complacerte Wifi de alta velocidad, bandeja y kits de cortes\u00eda bajo petici\u00f3n, sala de estar\/bar con su tarjeta 100% normanda. En el Hotel Le Chantilly hemos seleccionado una gama de socios s\u00f3lidos y preocupados por la calidad.<\/p>\n","protected":false},"author":75,"featured_media":443,"parent":0,"menu_order":5,"comment_status":"closed","ping_status":"closed","template":"","meta":{"footnotes":""},"class_list":["post-1102","page","type-page","status-publish","has-post-thumbnail","hentry"],"yoast_head":"<!-- This site is optimized with the Yoast SEO plugin v26.9 - https:\/\/yoast.com\/product\/yoast-seo-wordpress\/ -->\n<title>Services - Hotel Le Chantilly<\/title>\n<meta name=\"description\" content=\"\u00bfQu\u00e9 m\u00e1s podemos hacer para complacerte Wifi de alta velocidad, bandeja y kits de cortes\u00eda bajo petici\u00f3n, sala de estar\/bar con su tarjeta 100% normanda.\" \/>\n<meta name=\"robots\" content=\"index, follow, max-snippet:-1, max-image-preview:large, max-video-preview:-1\" \/>\n<link rel=\"canonical\" href=\"https:\/\/www.hotel-deauville-le-chantilly.fr\/es\/1060-2\/\" \/>\n<meta property=\"og:locale\" content=\"es_ES\" \/>\n<meta property=\"og:type\" content=\"article\" \/>\n<meta property=\"og:title\" content=\"Services - Hotel Le Chantilly\" \/>\n<meta property=\"og:description\" content=\"\u00bfQu\u00e9 m\u00e1s podemos hacer para complacerte Wifi de alta velocidad, bandeja y kits de cortes\u00eda bajo petici\u00f3n, sala de estar\/bar con su tarjeta 100% normanda.\" \/>\n<meta property=\"og:url\" content=\"https:\/\/www.hotel-deauville-le-chantilly.fr\/es\/1060-2\/\" \/>\n<meta property=\"og:site_name\" content=\"Hotel Le Chantilly\" \/>\n<meta property=\"article:modified_time\" content=\"2022-09-24T15:05:43+00:00\" \/>\n<meta property=\"og:image\" content=\"https:\/\/www.hotel-deauville-le-chantilly.fr\/wp-content\/uploads\/sites\/53\/2019\/08\/20190716_235150____-1.jpg\" \/>\n\t<meta property=\"og:image:width\" content=\"2067\" \/>\n\t<meta property=\"og:image:height\" content=\"1836\" \/>\n\t<meta property=\"og:image:type\" content=\"image\/jpeg\" \/>\n<meta name=\"twitter:card\" content=\"summary_large_image\" \/>\n<script type=\"application\/ld+json\" class=\"yoast-schema-graph\">{\"@context\":\"https:\/\/schema.org\",\"@graph\":[{\"@type\":\"WebPage\",\"@id\":\"https:\/\/www.hotel-deauville-le-chantilly.fr\/es\/1060-2\/\",\"url\":\"https:\/\/www.hotel-deauville-le-chantilly.fr\/es\/1060-2\/\",\"name\":\"Services - Hotel Le Chantilly\",\"isPartOf\":{\"@id\":\"https:\/\/www.hotel-deauville-le-chantilly.fr\/es\/#website\"},\"primaryImageOfPage\":{\"@id\":\"https:\/\/www.hotel-deauville-le-chantilly.fr\/es\/1060-2\/#primaryimage\"},\"image\":{\"@id\":\"https:\/\/www.hotel-deauville-le-chantilly.fr\/es\/1060-2\/#primaryimage\"},\"thumbnailUrl\":\"https:\/\/www.hotel-deauville-le-chantilly.fr\/wp-content\/uploads\/sites\/53\/2019\/08\/20190716_235150____-1.jpg\",\"datePublished\":\"2020-07-26T15:49:32+00:00\",\"dateModified\":\"2022-09-24T15:05:43+00:00\",\"description\":\"\u00bfQu\u00e9 m\u00e1s podemos hacer para complacerte Wifi de alta velocidad, bandeja y kits de cortes\u00eda bajo petici\u00f3n, sala de estar\/bar con su tarjeta 100% normanda.\",\"breadcrumb\":{\"@id\":\"https:\/\/www.hotel-deauville-le-chantilly.fr\/es\/1060-2\/#breadcrumb\"},\"inLanguage\":\"es\",\"potentialAction\":[{\"@type\":\"ReadAction\",\"target\":[\"https:\/\/www.hotel-deauville-le-chantilly.fr\/es\/1060-2\/\"]}]},{\"@type\":\"ImageObject\",\"inLanguage\":\"es\",\"@id\":\"https:\/\/www.hotel-deauville-le-chantilly.fr\/es\/1060-2\/#primaryimage\",\"url\":\"https:\/\/www.hotel-deauville-le-chantilly.fr\/wp-content\/uploads\/sites\/53\/2019\/08\/20190716_235150____-1.jpg\",\"contentUrl\":\"https:\/\/www.hotel-deauville-le-chantilly.fr\/wp-content\/uploads\/sites\/53\/2019\/08\/20190716_235150____-1.jpg\",\"width\":2067,\"height\":1836},{\"@type\":\"BreadcrumbList\",\"@id\":\"https:\/\/www.hotel-deauville-le-chantilly.fr\/es\/1060-2\/#breadcrumb\",\"itemListElement\":[{\"@type\":\"ListItem\",\"position\":1,\"name\":\"Home\",\"item\":\"https:\/\/www.hotel-deauville-le-chantilly.fr\/es\/\"},{\"@type\":\"ListItem\",\"position\":2,\"name\":\"Services\"}]},{\"@type\":\"WebSite\",\"@id\":\"https:\/\/www.hotel-deauville-le-chantilly.fr\/es\/#website\",\"url\":\"https:\/\/www.hotel-deauville-le-chantilly.fr\/es\/\",\"name\":\"Hotel Le Chantilly\",\"description\":\"\",\"potentialAction\":[{\"@type\":\"SearchAction\",\"target\":{\"@type\":\"EntryPoint\",\"urlTemplate\":\"https:\/\/www.hotel-deauville-le-chantilly.fr\/es\/?s={search_term_string}\"},\"query-input\":{\"@type\":\"PropertyValueSpecification\",\"valueRequired\":true,\"valueName\":\"search_term_string\"}}],\"inLanguage\":\"es\"}]}<\/script>\n<!-- \/ Yoast SEO plugin. -->","yoast_head_json":{"title":"Services - Hotel Le Chantilly","description":"\u00bfQu\u00e9 m\u00e1s podemos hacer para complacerte Wifi de alta velocidad, bandeja y kits de cortes\u00eda bajo petici\u00f3n, sala de estar\/bar con su tarjeta 100% normanda.","robots":{"index":"index","follow":"follow","max-snippet":"max-snippet:-1","max-image-preview":"max-image-preview:large","max-video-preview":"max-video-preview:-1"},"canonical":"https:\/\/www.hotel-deauville-le-chantilly.fr\/es\/1060-2\/","og_locale":"es_ES","og_type":"article","og_title":"Services - Hotel Le Chantilly","og_description":"\u00bfQu\u00e9 m\u00e1s podemos hacer para complacerte Wifi de alta velocidad, bandeja y kits de cortes\u00eda bajo petici\u00f3n, sala de estar\/bar con su tarjeta 100% normanda.","og_url":"https:\/\/www.hotel-deauville-le-chantilly.fr\/es\/1060-2\/","og_site_name":"Hotel Le Chantilly","article_modified_time":"2022-09-24T15:05:43+00:00","og_image":[{"width":2067,"height":1836,"url":"https:\/\/www.hotel-deauville-le-chantilly.fr\/wp-content\/uploads\/sites\/53\/2019\/08\/20190716_235150____-1.jpg","type":"image\/jpeg"}],"twitter_card":"summary_large_image","schema":{"@context":"https:\/\/schema.org","@graph":[{"@type":"WebPage","@id":"https:\/\/www.hotel-deauville-le-chantilly.fr\/es\/1060-2\/","url":"https:\/\/www.hotel-deauville-le-chantilly.fr\/es\/1060-2\/","name":"Services - Hotel Le Chantilly","isPartOf":{"@id":"https:\/\/www.hotel-deauville-le-chantilly.fr\/es\/#website"},"primaryImageOfPage":{"@id":"https:\/\/www.hotel-deauville-le-chantilly.fr\/es\/1060-2\/#primaryimage"},"image":{"@id":"https:\/\/www.hotel-deauville-le-chantilly.fr\/es\/1060-2\/#primaryimage"},"thumbnailUrl":"https:\/\/www.hotel-deauville-le-chantilly.fr\/wp-content\/uploads\/sites\/53\/2019\/08\/20190716_235150____-1.jpg","datePublished":"2020-07-26T15:49:32+00:00","dateModified":"2022-09-24T15:05:43+00:00","description":"\u00bfQu\u00e9 m\u00e1s podemos hacer para complacerte Wifi de alta velocidad, bandeja y kits de cortes\u00eda bajo petici\u00f3n, sala de estar\/bar con su tarjeta 100% normanda.","breadcrumb":{"@id":"https:\/\/www.hotel-deauville-le-chantilly.fr\/es\/1060-2\/#breadcrumb"},"inLanguage":"es","potentialAction":[{"@type":"ReadAction","target":["https:\/\/www.hotel-deauville-le-chantilly.fr\/es\/1060-2\/"]}]},{"@type":"ImageObject","inLanguage":"es","@id":"https:\/\/www.hotel-deauville-le-chantilly.fr\/es\/1060-2\/#primaryimage","url":"https:\/\/www.hotel-deauville-le-chantilly.fr\/wp-content\/uploads\/sites\/53\/2019\/08\/20190716_235150____-1.jpg","contentUrl":"https:\/\/www.hotel-deauville-le-chantilly.fr\/wp-content\/uploads\/sites\/53\/2019\/08\/20190716_235150____-1.jpg","width":2067,"height":1836},{"@type":"BreadcrumbList","@id":"https:\/\/www.hotel-deauville-le-chantilly.fr\/es\/1060-2\/#breadcrumb","itemListElement":[{"@type":"ListItem","position":1,"name":"Home","item":"https:\/\/www.hotel-deauville-le-chantilly.fr\/es\/"},{"@type":"ListItem","position":2,"name":"Services"}]},{"@type":"WebSite","@id":"https:\/\/www.hotel-deauville-le-chantilly.fr\/es\/#website","url":"https:\/\/www.hotel-deauville-le-chantilly.fr\/es\/","name":"Hotel Le Chantilly","description":"","potentialAction":[{"@type":"SearchAction","target":{"@type":"EntryPoint","urlTemplate":"https:\/\/www.hotel-deauville-le-chantilly.fr\/es\/?s={search_term_string}"},"query-input":{"@type":"PropertyValueSpecification","valueRequired":true,"valueName":"search_term_string"}}],"inLanguage":"es"}]}},"acf":[],"_links":{"self":[{"href":"https:\/\/www.hotel-deauville-le-chantilly.fr\/es\/wp-json\/wp\/v2\/pages\/1102","targetHints":{"allow":["GET"]}}],"collection":[{"href":"https:\/\/www.hotel-deauville-le-chantilly.fr\/es\/wp-json\/wp\/v2\/pages"}],"about":[{"href":"https:\/\/www.hotel-deauville-le-chantilly.fr\/es\/wp-json\/wp\/v2\/types\/page"}],"author":[{"embeddable":true,"href":"https:\/\/www.hotel-deauville-le-chantilly.fr\/es\/wp-json\/wp\/v2\/users\/75"}],"replies":[{"embeddable":true,"href":"https:\/\/www.hotel-deauville-le-chantilly.fr\/es\/wp-json\/wp\/v2\/comments?post=1102"}],"version-history":[{"count":0,"href":"https:\/\/www.hotel-deauville-le-chantilly.fr\/es\/wp-json\/wp\/v2\/pages\/1102\/revisions"}],"wp:featuredmedia":[{"embeddable":true,"href":"https:\/\/www.hotel-deauville-le-chantilly.fr\/es\/wp-json\/wp\/v2\/media\/443"}],"wp:attachment":[{"href":"https:\/\/www.hotel-deauville-le-chantilly.fr\/es\/wp-json\/wp\/v2\/media?parent=1102"}],"curies":[{"name":"wp","href":"https:\/\/api.w.org\/{rel}","templated":true}]}}