{"id":1106,"date":"2019-07-04T15:02:29","date_gmt":"2019-07-04T15:02:29","guid":{"rendered":"https:\/\/www.hotel-deauville-le-chantilly.fr\/les-chambres\/chambre-simple-a-grand-lit\/"},"modified":"2023-04-04T21:13:13","modified_gmt":"2023-04-04T21:13:13","slug":"habitacion-individual-con-cama-doble","status":"publish","type":"page","link":"https:\/\/www.hotel-deauville-le-chantilly.fr\/es\/las-habitaciones\/habitacion-individual-con-cama-doble\/","title":{"rendered":"Habitaci\u00f3n individual"},"content":{"rendered":"<p style=\"text-align: center\">Equipada con ropa de cama c\u00f3moda, acogedora y funcional, esta habitaci\u00f3n tiene todo para seducirte:<br \/>\nCama de matrimonio 140\/190, escritorio, Internet Wifi, televisi\u00f3n con los canales tem\u00e1ticos m\u00e1s grandes y un ba\u00f1o con secador de pelo y WC.<\/p>\n","protected":false},"excerpt":{"rendered":"<p>Equipada con ropa de cama c\u00f3moda, acogedora y funcional, esta habitaci\u00f3n tiene todo para seducirte: Cama de matrimonio 140\/190, escritorio, Internet Wifi, televisi\u00f3n con los canales tem\u00e1ticos m\u00e1s grandes y un ba\u00f1o con secador de pelo y WC.<\/p>\n","protected":false},"author":15,"featured_media":58,"parent":1099,"menu_order":10,"comment_status":"closed","ping_status":"closed","template":"template-single-room.php","meta":{"footnotes":""},"class_list":["post-1106","page","type-page","status-publish","has-post-thumbnail","hentry"],"yoast_head":"<!-- This site is optimized with the Yoast SEO plugin v26.9 - https:\/\/yoast.com\/product\/yoast-seo-wordpress\/ -->\n<title>Habitaci\u00f3n individual - Hotel Le Chantilly<\/title>\n<meta name=\"description\" content=\"Equip\u00e9e d&#039;une literie confortable, cosy et fonctionnelle, cette chambre a tout pour vous s\u00e9duire\" \/>\n<meta name=\"robots\" content=\"index, follow, max-snippet:-1, max-image-preview:large, max-video-preview:-1\" \/>\n<link rel=\"canonical\" href=\"https:\/\/www.hotel-deauville-le-chantilly.fr\/es\/las-habitaciones\/habitacion-individual-con-cama-doble\/\" \/>\n<meta property=\"og:locale\" content=\"es_ES\" \/>\n<meta property=\"og:type\" content=\"article\" \/>\n<meta property=\"og:title\" content=\"Habitaci\u00f3n individual - Hotel Le Chantilly\" \/>\n<meta property=\"og:description\" content=\"Equip\u00e9e d&#039;une literie confortable, cosy et fonctionnelle, cette chambre a tout pour vous s\u00e9duire\" \/>\n<meta property=\"og:url\" content=\"https:\/\/www.hotel-deauville-le-chantilly.fr\/es\/las-habitaciones\/habitacion-individual-con-cama-doble\/\" \/>\n<meta property=\"og:site_name\" content=\"Hotel Le Chantilly\" \/>\n<meta property=\"article:modified_time\" content=\"2023-04-04T21:13:13+00:00\" \/>\n<meta property=\"og:image\" content=\"https:\/\/www.hotel-deauville-le-chantilly.fr\/wp-content\/uploads\/sites\/53\/2019\/07\/CH-SGL__.jpg\" \/>\n\t<meta property=\"og:image:width\" content=\"3107\" \/>\n\t<meta property=\"og:image:height\" content=\"1748\" \/>\n\t<meta property=\"og:image:type\" content=\"image\/jpeg\" \/>\n<meta name=\"twitter:card\" content=\"summary_large_image\" \/>\n<meta name=\"twitter:label1\" content=\"Tiempo de lectura\" \/>\n\t<meta name=\"twitter:data1\" content=\"1 minuto\" \/>\n<script type=\"application\/ld+json\" class=\"yoast-schema-graph\">{\"@context\":\"https:\/\/schema.org\",\"@graph\":[{\"@type\":\"WebPage\",\"@id\":\"https:\/\/www.hotel-deauville-le-chantilly.fr\/es\/las-habitaciones\/habitacion-individual-con-cama-doble\/\",\"url\":\"https:\/\/www.hotel-deauville-le-chantilly.fr\/es\/las-habitaciones\/habitacion-individual-con-cama-doble\/\",\"name\":\"Habitaci\u00f3n individual - Hotel Le Chantilly\",\"isPartOf\":{\"@id\":\"https:\/\/www.hotel-deauville-le-chantilly.fr\/es\/#website\"},\"primaryImageOfPage\":{\"@id\":\"https:\/\/www.hotel-deauville-le-chantilly.fr\/es\/las-habitaciones\/habitacion-individual-con-cama-doble\/#primaryimage\"},\"image\":{\"@id\":\"https:\/\/www.hotel-deauville-le-chantilly.fr\/es\/las-habitaciones\/habitacion-individual-con-cama-doble\/#primaryimage\"},\"thumbnailUrl\":\"https:\/\/www.hotel-deauville-le-chantilly.fr\/wp-content\/uploads\/sites\/53\/2019\/07\/CH-SGL__.jpg\",\"datePublished\":\"2019-07-04T15:02:29+00:00\",\"dateModified\":\"2023-04-04T21:13:13+00:00\",\"description\":\"Equip\u00e9e d'une literie confortable, cosy et fonctionnelle, cette chambre a tout pour vous s\u00e9duire\",\"breadcrumb\":{\"@id\":\"https:\/\/www.hotel-deauville-le-chantilly.fr\/es\/las-habitaciones\/habitacion-individual-con-cama-doble\/#breadcrumb\"},\"inLanguage\":\"es\",\"potentialAction\":[{\"@type\":\"ReadAction\",\"target\":[\"https:\/\/www.hotel-deauville-le-chantilly.fr\/es\/las-habitaciones\/habitacion-individual-con-cama-doble\/\"]}]},{\"@type\":\"ImageObject\",\"inLanguage\":\"es\",\"@id\":\"https:\/\/www.hotel-deauville-le-chantilly.fr\/es\/las-habitaciones\/habitacion-individual-con-cama-doble\/#primaryimage\",\"url\":\"https:\/\/www.hotel-deauville-le-chantilly.fr\/wp-content\/uploads\/sites\/53\/2019\/07\/CH-SGL__.jpg\",\"contentUrl\":\"https:\/\/www.hotel-deauville-le-chantilly.fr\/wp-content\/uploads\/sites\/53\/2019\/07\/CH-SGL__.jpg\",\"width\":3107,\"height\":1748},{\"@type\":\"BreadcrumbList\",\"@id\":\"https:\/\/www.hotel-deauville-le-chantilly.fr\/es\/las-habitaciones\/habitacion-individual-con-cama-doble\/#breadcrumb\",\"itemListElement\":[{\"@type\":\"ListItem\",\"position\":1,\"name\":\"Home\",\"item\":\"https:\/\/www.hotel-deauville-le-chantilly.fr\/es\/\"},{\"@type\":\"ListItem\",\"position\":2,\"name\":\"Las habitaciones\",\"item\":\"https:\/\/www.hotel-deauville-le-chantilly.fr\/es\/las-habitaciones\/\"},{\"@type\":\"ListItem\",\"position\":3,\"name\":\"Habitaci\u00f3n individual\"}]},{\"@type\":\"WebSite\",\"@id\":\"https:\/\/www.hotel-deauville-le-chantilly.fr\/es\/#website\",\"url\":\"https:\/\/www.hotel-deauville-le-chantilly.fr\/es\/\",\"name\":\"Hotel Le Chantilly\",\"description\":\"\",\"potentialAction\":[{\"@type\":\"SearchAction\",\"target\":{\"@type\":\"EntryPoint\",\"urlTemplate\":\"https:\/\/www.hotel-deauville-le-chantilly.fr\/es\/?s={search_term_string}\"},\"query-input\":{\"@type\":\"PropertyValueSpecification\",\"valueRequired\":true,\"valueName\":\"search_term_string\"}}],\"inLanguage\":\"es\"}]}<\/script>\n<!-- \/ Yoast SEO plugin. -->","yoast_head_json":{"title":"Habitaci\u00f3n individual - Hotel Le Chantilly","description":"Equip\u00e9e d'une literie confortable, cosy et fonctionnelle, cette chambre a tout pour vous s\u00e9duire","robots":{"index":"index","follow":"follow","max-snippet":"max-snippet:-1","max-image-preview":"max-image-preview:large","max-video-preview":"max-video-preview:-1"},"canonical":"https:\/\/www.hotel-deauville-le-chantilly.fr\/es\/las-habitaciones\/habitacion-individual-con-cama-doble\/","og_locale":"es_ES","og_type":"article","og_title":"Habitaci\u00f3n individual - Hotel Le Chantilly","og_description":"Equip\u00e9e d'une literie confortable, cosy et fonctionnelle, cette chambre a tout pour vous s\u00e9duire","og_url":"https:\/\/www.hotel-deauville-le-chantilly.fr\/es\/las-habitaciones\/habitacion-individual-con-cama-doble\/","og_site_name":"Hotel Le Chantilly","article_modified_time":"2023-04-04T21:13:13+00:00","og_image":[{"width":3107,"height":1748,"url":"https:\/\/www.hotel-deauville-le-chantilly.fr\/wp-content\/uploads\/sites\/53\/2019\/07\/CH-SGL__.jpg","type":"image\/jpeg"}],"twitter_card":"summary_large_image","twitter_misc":{"Tiempo de lectura":"1 minuto"},"schema":{"@context":"https:\/\/schema.org","@graph":[{"@type":"WebPage","@id":"https:\/\/www.hotel-deauville-le-chantilly.fr\/es\/las-habitaciones\/habitacion-individual-con-cama-doble\/","url":"https:\/\/www.hotel-deauville-le-chantilly.fr\/es\/las-habitaciones\/habitacion-individual-con-cama-doble\/","name":"Habitaci\u00f3n individual - Hotel Le Chantilly","isPartOf":{"@id":"https:\/\/www.hotel-deauville-le-chantilly.fr\/es\/#website"},"primaryImageOfPage":{"@id":"https:\/\/www.hotel-deauville-le-chantilly.fr\/es\/las-habitaciones\/habitacion-individual-con-cama-doble\/#primaryimage"},"image":{"@id":"https:\/\/www.hotel-deauville-le-chantilly.fr\/es\/las-habitaciones\/habitacion-individual-con-cama-doble\/#primaryimage"},"thumbnailUrl":"https:\/\/www.hotel-deauville-le-chantilly.fr\/wp-content\/uploads\/sites\/53\/2019\/07\/CH-SGL__.jpg","datePublished":"2019-07-04T15:02:29+00:00","dateModified":"2023-04-04T21:13:13+00:00","description":"Equip\u00e9e d'une literie confortable, cosy et fonctionnelle, cette chambre a tout pour vous s\u00e9duire","breadcrumb":{"@id":"https:\/\/www.hotel-deauville-le-chantilly.fr\/es\/las-habitaciones\/habitacion-individual-con-cama-doble\/#breadcrumb"},"inLanguage":"es","potentialAction":[{"@type":"ReadAction","target":["https:\/\/www.hotel-deauville-le-chantilly.fr\/es\/las-habitaciones\/habitacion-individual-con-cama-doble\/"]}]},{"@type":"ImageObject","inLanguage":"es","@id":"https:\/\/www.hotel-deauville-le-chantilly.fr\/es\/las-habitaciones\/habitacion-individual-con-cama-doble\/#primaryimage","url":"https:\/\/www.hotel-deauville-le-chantilly.fr\/wp-content\/uploads\/sites\/53\/2019\/07\/CH-SGL__.jpg","contentUrl":"https:\/\/www.hotel-deauville-le-chantilly.fr\/wp-content\/uploads\/sites\/53\/2019\/07\/CH-SGL__.jpg","width":3107,"height":1748},{"@type":"BreadcrumbList","@id":"https:\/\/www.hotel-deauville-le-chantilly.fr\/es\/las-habitaciones\/habitacion-individual-con-cama-doble\/#breadcrumb","itemListElement":[{"@type":"ListItem","position":1,"name":"Home","item":"https:\/\/www.hotel-deauville-le-chantilly.fr\/es\/"},{"@type":"ListItem","position":2,"name":"Las habitaciones","item":"https:\/\/www.hotel-deauville-le-chantilly.fr\/es\/las-habitaciones\/"},{"@type":"ListItem","position":3,"name":"Habitaci\u00f3n individual"}]},{"@type":"WebSite","@id":"https:\/\/www.hotel-deauville-le-chantilly.fr\/es\/#website","url":"https:\/\/www.hotel-deauville-le-chantilly.fr\/es\/","name":"Hotel Le Chantilly","description":"","potentialAction":[{"@type":"SearchAction","target":{"@type":"EntryPoint","urlTemplate":"https:\/\/www.hotel-deauville-le-chantilly.fr\/es\/?s={search_term_string}"},"query-input":{"@type":"PropertyValueSpecification","valueRequired":true,"valueName":"search_term_string"}}],"inLanguage":"es"}]}},"acf":[],"_links":{"self":[{"href":"https:\/\/www.hotel-deauville-le-chantilly.fr\/es\/wp-json\/wp\/v2\/pages\/1106","targetHints":{"allow":["GET"]}}],"collection":[{"href":"https:\/\/www.hotel-deauville-le-chantilly.fr\/es\/wp-json\/wp\/v2\/pages"}],"about":[{"href":"https:\/\/www.hotel-deauville-le-chantilly.fr\/es\/wp-json\/wp\/v2\/types\/page"}],"author":[{"embeddable":true,"href":"https:\/\/www.hotel-deauville-le-chantilly.fr\/es\/wp-json\/wp\/v2\/users\/15"}],"replies":[{"embeddable":true,"href":"https:\/\/www.hotel-deauville-le-chantilly.fr\/es\/wp-json\/wp\/v2\/comments?post=1106"}],"version-history":[{"count":0,"href":"https:\/\/www.hotel-deauville-le-chantilly.fr\/es\/wp-json\/wp\/v2\/pages\/1106\/revisions"}],"up":[{"embeddable":true,"href":"https:\/\/www.hotel-deauville-le-chantilly.fr\/es\/wp-json\/wp\/v2\/pages\/1099"}],"wp:featuredmedia":[{"embeddable":true,"href":"https:\/\/www.hotel-deauville-le-chantilly.fr\/es\/wp-json\/wp\/v2\/media\/58"}],"wp:attachment":[{"href":"https:\/\/www.hotel-deauville-le-chantilly.fr\/es\/wp-json\/wp\/v2\/media?parent=1106"}],"curies":[{"name":"wp","href":"https:\/\/api.w.org\/{rel}","templated":true}]}}