{"id":1120,"date":"2019-07-22T13:19:25","date_gmt":"2019-07-22T13:19:25","guid":{"rendered":"https:\/\/www.hotel-deauville-le-chantilly.fr\/mentions-legales\/"},"modified":"2022-09-27T09:18:27","modified_gmt":"2022-09-27T09:18:27","slug":"informacion-legal","status":"publish","type":"page","link":"https:\/\/www.hotel-deauville-le-chantilly.fr\/es\/informacion-legal\/","title":{"rendered":"Informaci\u00f3n legal"},"content":{"rendered":"<p>De conformidad con lo dispuesto en los Art\u00edculos 6-III y 19 de la Ley L.C.E.N.2004-575 de 21 de junio de 2004 para la Confianza en la econom\u00eda digital, se pone en conocimiento de los Usuarios del sitio www.hotel-Deauville-le-chantilly.fr las presentes menciones legales.<\/p>\n<p>La conexi\u00f3n y la navegaci\u00f3n en el sitio www.hotel-Deauville-le-chantilly.fr por parte del Usuario implica la aceptaci\u00f3n \u00edntegra y sin reservas de las presentes condiciones legales.<br \/>\nEstas \u00faltimas est\u00e1n disponibles en el sitio en la secci\u00f3n \u00abAviso legal\u00bb.<\/p>\n<p>ART\u00cdCULO 1: El editor<br \/>\nLa edici\u00f3n del sitio www.hotel-Deauville-le-chantilly.fr est\u00e1 asegurada por la SASSOCIETE NOUVELLE HOTEL LE CHANTILLY con un capital de 7.000.00 euros, inscrita en el RCS de LISIEUX con el n\u00famero 490160520, con sede en 1120 Avenue de la Rep\u00fablica, 14800 Deauville, n\u00famero de tel\u00e9fono 0231887975, direcci\u00f3n de correo electr\u00f3nico: hchantilly@orange.fr.<\/p>\n<p>N\u00b0 de IVA intracomunitario: FR814 901 6052000022<br \/>\nEl Director de la publicaci\u00f3n es el Sr. Oumakhlouf Rachid<\/p>\n<p>ART\u00cdCULO 2: El proveedor de alojamiento<br \/>\nEl anfitri\u00f3n del sitio www.hotel-Deauville-le-chantilly.fr es la Soci\u00e9t\u00e9 D-EDGE, cuya sede se encuentra en 14\/16, boulevard Poissonni\u00e8re &#8211; 75009 Paris , con el n\u00famero de tel\u00e9fono: +33 1 44 71 05 05.<\/p>\n<p>ART\u00cdCULO 3: Acceso al sitio<br \/>\nEl sitio es accesible desde cualquier lugar, 7j\/7, 24h\/24 excepto en caso de fuerza mayor, interrupci\u00f3n programada o no y que pueda derivarse de una necesidad de mantenimiento. Hotel Le Chantilly se esfuerza, en la medida de lo posible, por mantener permanentemente accesible el Sitio, pero no est\u00e1 obligada a hacerlo. El Hotel Le Chantilly puede, pues, interrumpir el acceso al Sitio, en particular por razones de mantenimiento o actualizaci\u00f3n, o por cualquier otra raz\u00f3n, especialmente t\u00e9cnicas o editoriales y ello sin previo aviso ni informaci\u00f3n de los internautas, sin que el Hotel Le Chantilly pueda ser considerado responsable de las consecuencias de estas interrupciones tanto para los internautas como para terceros.<br \/>\nEn caso de modificaci\u00f3n, interrupci\u00f3n o suspensi\u00f3n de los servicios, el sitio www.hotel-Deauville-le-chantilly.fr no ser\u00e1 considerado responsable.<\/p>\n<p>El Hotel Le Chantilly se esfuerza por garantizar al m\u00e1ximo de sus posibilidades la exactitud y la actualizaci\u00f3n de las informaciones difundidas en el Sitio, y se reserva el derecho de modificar, en cualquier momento y sin previo aviso, el contenido.<\/p>\n<p>Sin embargo, el Hotel Le Chantilly no puede garantizar la exactitud, precisi\u00f3n y exhaustividad de la informaci\u00f3n puesta a disposici\u00f3n en el Sitio, informaci\u00f3n que no constituye una garant\u00eda ni un compromiso por parte del Hotel Le Chantilly con respecto al internauta. En particular, la Comisi\u00f3n no ser\u00e1 responsable de:<\/p>\n<p>&#8211; cualquier imprecisi\u00f3n, inexactitud u omisi\u00f3n de dicha informaci\u00f3n;<\/p>\n<p>&#8211; cualquier posible da\u00f1o resultante de una intrusi\u00f3n inform\u00e1tica de un tercero que haya dado lugar a una modificaci\u00f3n de dicha informaci\u00f3n;<\/p>\n<p>&#8211; y, de forma m\u00e1s general, de cualquier da\u00f1o, directo o indirecto, ya sean sus causas, or\u00edgenes, naturaleza y consecuencias, relacionado con el acceso (o la imposibilidad de acceder al Sitio)al contenido, al uso del Sitio y\/o al cr\u00e9dito concedido a cualquier informaci\u00f3n procedente de este \u00faltimo.<\/p>\n<p>ART\u00cdCULO 4: Recopilaci\u00f3n de datos<br \/>\nEl sitio garantiza al Usuario la recogida y el tratamiento de datos personales en el respeto de la vida privada de conformidad con la Ley n\u00ba 78-17, de 6 de enero de 1978, relativa a la inform\u00e1tica, los archivos y las libertades. El sitio se declara a la CNIL con el n\u00famero ________________.<\/p>\n<p>En virtud de la Ley de Inform\u00e1tica y Libertades, de 6 de enero de 1978, el Usuario dispone de un derecho de acceso, rectificaci\u00f3n, supresi\u00f3n y oposici\u00f3n de sus datos personales.<\/p>\n<p>El Usuario ejerce este derecho:<\/p>\n<ul>\n<li>por correo electr\u00f3nico a la direcci\u00f3n de correo electr\u00f3nico hchantilly@orange.es<\/li>\n<li>a trav\u00e9s de un formulario de contacto;<\/li>\n<\/ul>\n<p>ART\u00cdCULO 5: Cookies<br \/>\nEl Usuario es informado de que durante sus visitas al sitio, una cookie puede instalarse autom\u00e1ticamente en su navegador.<br \/>\nAl navegar por el sitio, los acepta.<br \/>\nUna cookie es un elemento que no permite identificar al Usuario, sino que sirve para registrar informaciones relativas a la navegaci\u00f3n del mismo en el sitio web. El Usuario podr\u00e1 desactivar esta cookie mediante los par\u00e1metros que figuran en su programa de navegaci\u00f3n.<\/p>\n<p>ART\u00cdCULO 6: Propiedad intelectual<br \/>\nEl Sitio en su conjunto, as\u00ed como cada uno de los elementos que lo componen (en particular, textos, esquemas, \u00e1rboles, programas, animaciones, im\u00e1genes, fotograf\u00edas, ilustraciones, v\u00eddeos, representaciones gr\u00e1ficas o editoriales, logotipos, etc.) constituyen obras del esp\u00edritu protegidas por el C\u00f3digo de la Propiedad Intelectual, as\u00ed como por cualquier otra legislaci\u00f3n internacional aplicable. Cualquier uso, reproducci\u00f3n, difusi\u00f3n, comercializaci\u00f3n, modificaci\u00f3n de la totalidad o parte del sitio www.hotel-Deauville-le-chantilly.fr , sin autorizaci\u00f3n del Editor est\u00e1 prohibida y podr\u00e1 dar lugar a acciones y acciones judiciales, como las previstas en el C\u00f3digo de la Propiedad Intelectual y el C\u00f3digo Civil. El Hotel Le Chantilly es el \u00fanico facultado (directamente o por efecto de licencias o autorizaciones) para utilizar los elementos que componen el Sitio, los nombres de dominio, las marcas, modelos, etc. as\u00ed como las im\u00e1genes y contenidos editoriales que se reproducen en \u00e9l.<\/p>\n<p>Queda estrictamente prohibido el uso de la totalidad o parte del Sitio, en particular mediante descarga, reproducci\u00f3n, transmisi\u00f3n, representaci\u00f3n o difusi\u00f3n con fines distintos de la consulta y utilizaci\u00f3n del Sitio a t\u00edtulo personal y privado por el internauta con fines no comerciales. La violaci\u00f3n de estas disposiciones expone a su autor a las sanciones previstas tanto por el C\u00f3digo de la Propiedad Intelectual como por la violaci\u00f3n de derechos de autor, de marcas y del C\u00f3digo Civil en materia de responsabilidad civil.<\/p>\n<p>Queda prohibida la creaci\u00f3n de cualquier enlace de hipertexto que remita a cualquiera de las p\u00e1ginas web o elementos que componen el Sitio, salvo autorizaci\u00f3n escrita y previa del Hotel Le Chantilly, que podr\u00e1 ser revocada en cualquier momento. Cualquier contenido, sitio web u otro que tenga un enlace de hipertexto dirigido al Sitio o a cualquiera de los elementos que lo componen no est\u00e1 bajo el control de L&#8217;H\u00f4tel Le Chantilly y, por lo tanto, esta no asume ninguna responsabilidad (en particular, editorial) sobre el acceso a dichos sitios y su contenido.<\/p>\n<p>ART\u00cdCULO 7: Acogida de personas con movilidad reducida<br \/>\nDesafortunadamente el Hotel Le Chantilly no es accesible para personas con movilidad reducida. El establecimiento dispone de una excepci\u00f3n prefectoral debido a las limitaciones arquitect\u00f3nicas propias del edificio.<\/p>\n<p>ART\u00cdCULO 8: Mascotas<br \/>\nEl Hotel Le Chantilly da la bienvenida a su compa\u00f1ero sin cargo adicional. No obstante, queda terminantemente prohibido dejar al animal solo en la habitaci\u00f3n, en caso necesario se considerar\u00eda abandonado. El Hotel Le Chantilly se reserva el derecho, en caso de abundancia, de contactar con las fuerzas del orden para socorrer al animal.<\/p>\n<p>ART\u00cdCULO 9: Condiciones de reserva y tarifas<br \/>\nTASA TUR\u00cdSTICA: El impuesto municipal aplicable no est\u00e1 incluido en la tarifa mostrada que se paga en el momento de la salida: 0.90 euros\/ adulto\/ noche, gratuito para ni\u00f1os (-18 a\u00f1os).<\/p>\n<p>CONDICIONES DE LA TARIFA NO REEMBOLSABLE: La reserva realizada no es cancelable, reembolsable, modificable ni transferible, independientemente de los eventos o circunstancias. El establecimiento cargar\u00e1 el importe total de la reserva (incluidos los suplementos) inmediatamente despu\u00e9s de la reserva. No se podr\u00e1n efectuar cambios en la fecha de estancia ni reembolsos.<\/p>\n<p>En caso de \u00abNo Show\u00bb (no se presenta sin cancelaci\u00f3n) o cancelaci\u00f3n, se deber\u00e1 una penalizaci\u00f3n del importe total de la reserva sin posibilidad de reembolso. Una factura ser\u00e1 enviada a petici\u00f3n a hchantilly@orange.es<\/p>\n<p>CONDICIONES DE LA TARIFA REEMBOLSABLE: El cliente podr\u00e1 cancelar su reserva sin penalizaci\u00f3n hasta 2 d\u00edas antes del d\u00eda de llegada (00h). En caso de incumplimiento de las condiciones de cancelaci\u00f3n anteriores, se deber\u00e1 una penalizaci\u00f3n por \u00abcancelaci\u00f3n tard\u00eda\u00bb del importe de la primera noche. En caso de \u00abNo Show\u00bb (no presentaci\u00f3n sin cancelaci\u00f3n) se deber\u00e1 una penalizaci\u00f3n de \u00abNo Show\u00bb del importe total de la reserva.<\/p>\n<p>INFORMACI\u00d3N:<br \/>\nCheck-in: 14h Check-out: 12h, en caso de incumplimiento de la hora de salida, se podr\u00e1 aplicar una penalizaci\u00f3n de una noche.<br \/>\nAl confirmar su reserva, usted confirma que acepta las condiciones de venta.<\/p>\n<p>ART\u00cdCULO 10: Prohibici\u00f3n de fumar<br \/>\nEl Hotel Le Chantilly es un establecimiento exclusivamente para no fumadores. El hotel Le Chantilly podr\u00e1 reclamar una indemnizaci\u00f3n econ\u00f3mica a los clientes que no respeten esta prohibici\u00f3n, adem\u00e1s de la multa definida por la ley.<br \/>\nEl hecho de fumar en un lugar de uso colectivo fuera del lugar reservado para este fin se castiga con una multa de hasta 450 \u20ac.<br \/>\nEl acto de vaporizar en un lugar de uso colectivo se castiga con una multa de hasta 150 \u20ac.<\/p>\n","protected":false},"excerpt":{"rendered":"<p>De conformidad con lo dispuesto en los Art\u00edculos 6-III y 19 de la Ley L.C.E.N.2004-575 de 21 de junio de 2004 para la Confianza en la econom\u00eda digital, se pone en conocimiento de los Usuarios del sitio www.hotel-Deauville-le-chantilly.fr las presentes menciones legales. La conexi\u00f3n y la navegaci\u00f3n en el sitio www.hotel-Deauville-le-chantilly.fr por parte del Usuario [&hellip;]<\/p>\n","protected":false},"author":15,"featured_media":0,"parent":0,"menu_order":0,"comment_status":"closed","ping_status":"closed","template":"","meta":{"footnotes":""},"class_list":["post-1120","page","type-page","status-publish","hentry"],"yoast_head":"<!-- This site is optimized with the Yoast SEO plugin v26.9 - https:\/\/yoast.com\/product\/yoast-seo-wordpress\/ -->\n<title>Informaci\u00f3n legal - Hotel Le Chantilly<\/title>\n<meta name=\"description\" content=\"De conformidad con lo dispuesto en los Art\u00edculos 6-III y 19 de la Ley L.C.E.N.2004-575 de 21 de junio de 2004 para la Confianza en la econom\u00eda digital, se\" \/>\n<meta name=\"robots\" content=\"index, follow, max-snippet:-1, max-image-preview:large, max-video-preview:-1\" \/>\n<link rel=\"canonical\" href=\"https:\/\/www.hotel-deauville-le-chantilly.fr\/es\/informacion-legal\/\" \/>\n<meta property=\"og:locale\" content=\"es_ES\" \/>\n<meta property=\"og:type\" content=\"article\" \/>\n<meta property=\"og:title\" content=\"Informaci\u00f3n legal - Hotel Le Chantilly\" \/>\n<meta property=\"og:description\" content=\"De conformidad con lo dispuesto en los Art\u00edculos 6-III y 19 de la Ley L.C.E.N.2004-575 de 21 de junio de 2004 para la Confianza en la econom\u00eda digital, se\" \/>\n<meta property=\"og:url\" content=\"https:\/\/www.hotel-deauville-le-chantilly.fr\/es\/informacion-legal\/\" \/>\n<meta property=\"og:site_name\" content=\"Hotel Le Chantilly\" \/>\n<meta property=\"article:modified_time\" content=\"2022-09-27T09:18:27+00:00\" \/>\n<meta name=\"twitter:card\" content=\"summary_large_image\" \/>\n<meta name=\"twitter:label1\" content=\"Tiempo de lectura\" \/>\n\t<meta name=\"twitter:data1\" content=\"8 minutos\" \/>\n<script type=\"application\/ld+json\" class=\"yoast-schema-graph\">{\"@context\":\"https:\/\/schema.org\",\"@graph\":[{\"@type\":\"WebPage\",\"@id\":\"https:\/\/www.hotel-deauville-le-chantilly.fr\/es\/informacion-legal\/\",\"url\":\"https:\/\/www.hotel-deauville-le-chantilly.fr\/es\/informacion-legal\/\",\"name\":\"Informaci\u00f3n legal - Hotel Le Chantilly\",\"isPartOf\":{\"@id\":\"https:\/\/www.hotel-deauville-le-chantilly.fr\/es\/#website\"},\"datePublished\":\"2019-07-22T13:19:25+00:00\",\"dateModified\":\"2022-09-27T09:18:27+00:00\",\"description\":\"De conformidad con lo dispuesto en los Art\u00edculos 6-III y 19 de la Ley L.C.E.N.2004-575 de 21 de junio de 2004 para la Confianza en la econom\u00eda digital, se\",\"breadcrumb\":{\"@id\":\"https:\/\/www.hotel-deauville-le-chantilly.fr\/es\/informacion-legal\/#breadcrumb\"},\"inLanguage\":\"es\",\"potentialAction\":[{\"@type\":\"ReadAction\",\"target\":[\"https:\/\/www.hotel-deauville-le-chantilly.fr\/es\/informacion-legal\/\"]}]},{\"@type\":\"BreadcrumbList\",\"@id\":\"https:\/\/www.hotel-deauville-le-chantilly.fr\/es\/informacion-legal\/#breadcrumb\",\"itemListElement\":[{\"@type\":\"ListItem\",\"position\":1,\"name\":\"Home\",\"item\":\"https:\/\/www.hotel-deauville-le-chantilly.fr\/es\/\"},{\"@type\":\"ListItem\",\"position\":2,\"name\":\"Informaci\u00f3n legal\"}]},{\"@type\":\"WebSite\",\"@id\":\"https:\/\/www.hotel-deauville-le-chantilly.fr\/es\/#website\",\"url\":\"https:\/\/www.hotel-deauville-le-chantilly.fr\/es\/\",\"name\":\"Hotel Le Chantilly\",\"description\":\"\",\"potentialAction\":[{\"@type\":\"SearchAction\",\"target\":{\"@type\":\"EntryPoint\",\"urlTemplate\":\"https:\/\/www.hotel-deauville-le-chantilly.fr\/es\/?s={search_term_string}\"},\"query-input\":{\"@type\":\"PropertyValueSpecification\",\"valueRequired\":true,\"valueName\":\"search_term_string\"}}],\"inLanguage\":\"es\"}]}<\/script>\n<!-- \/ Yoast SEO plugin. -->","yoast_head_json":{"title":"Informaci\u00f3n legal - Hotel Le Chantilly","description":"De conformidad con lo dispuesto en los Art\u00edculos 6-III y 19 de la Ley L.C.E.N.2004-575 de 21 de junio de 2004 para la Confianza en la econom\u00eda digital, se","robots":{"index":"index","follow":"follow","max-snippet":"max-snippet:-1","max-image-preview":"max-image-preview:large","max-video-preview":"max-video-preview:-1"},"canonical":"https:\/\/www.hotel-deauville-le-chantilly.fr\/es\/informacion-legal\/","og_locale":"es_ES","og_type":"article","og_title":"Informaci\u00f3n legal - Hotel Le Chantilly","og_description":"De conformidad con lo dispuesto en los Art\u00edculos 6-III y 19 de la Ley L.C.E.N.2004-575 de 21 de junio de 2004 para la Confianza en la econom\u00eda digital, se","og_url":"https:\/\/www.hotel-deauville-le-chantilly.fr\/es\/informacion-legal\/","og_site_name":"Hotel Le Chantilly","article_modified_time":"2022-09-27T09:18:27+00:00","twitter_card":"summary_large_image","twitter_misc":{"Tiempo de lectura":"8 minutos"},"schema":{"@context":"https:\/\/schema.org","@graph":[{"@type":"WebPage","@id":"https:\/\/www.hotel-deauville-le-chantilly.fr\/es\/informacion-legal\/","url":"https:\/\/www.hotel-deauville-le-chantilly.fr\/es\/informacion-legal\/","name":"Informaci\u00f3n legal - Hotel Le Chantilly","isPartOf":{"@id":"https:\/\/www.hotel-deauville-le-chantilly.fr\/es\/#website"},"datePublished":"2019-07-22T13:19:25+00:00","dateModified":"2022-09-27T09:18:27+00:00","description":"De conformidad con lo dispuesto en los Art\u00edculos 6-III y 19 de la Ley L.C.E.N.2004-575 de 21 de junio de 2004 para la Confianza en la econom\u00eda digital, se","breadcrumb":{"@id":"https:\/\/www.hotel-deauville-le-chantilly.fr\/es\/informacion-legal\/#breadcrumb"},"inLanguage":"es","potentialAction":[{"@type":"ReadAction","target":["https:\/\/www.hotel-deauville-le-chantilly.fr\/es\/informacion-legal\/"]}]},{"@type":"BreadcrumbList","@id":"https:\/\/www.hotel-deauville-le-chantilly.fr\/es\/informacion-legal\/#breadcrumb","itemListElement":[{"@type":"ListItem","position":1,"name":"Home","item":"https:\/\/www.hotel-deauville-le-chantilly.fr\/es\/"},{"@type":"ListItem","position":2,"name":"Informaci\u00f3n legal"}]},{"@type":"WebSite","@id":"https:\/\/www.hotel-deauville-le-chantilly.fr\/es\/#website","url":"https:\/\/www.hotel-deauville-le-chantilly.fr\/es\/","name":"Hotel Le Chantilly","description":"","potentialAction":[{"@type":"SearchAction","target":{"@type":"EntryPoint","urlTemplate":"https:\/\/www.hotel-deauville-le-chantilly.fr\/es\/?s={search_term_string}"},"query-input":{"@type":"PropertyValueSpecification","valueRequired":true,"valueName":"search_term_string"}}],"inLanguage":"es"}]}},"acf":[],"_links":{"self":[{"href":"https:\/\/www.hotel-deauville-le-chantilly.fr\/es\/wp-json\/wp\/v2\/pages\/1120","targetHints":{"allow":["GET"]}}],"collection":[{"href":"https:\/\/www.hotel-deauville-le-chantilly.fr\/es\/wp-json\/wp\/v2\/pages"}],"about":[{"href":"https:\/\/www.hotel-deauville-le-chantilly.fr\/es\/wp-json\/wp\/v2\/types\/page"}],"author":[{"embeddable":true,"href":"https:\/\/www.hotel-deauville-le-chantilly.fr\/es\/wp-json\/wp\/v2\/users\/15"}],"replies":[{"embeddable":true,"href":"https:\/\/www.hotel-deauville-le-chantilly.fr\/es\/wp-json\/wp\/v2\/comments?post=1120"}],"version-history":[{"count":0,"href":"https:\/\/www.hotel-deauville-le-chantilly.fr\/es\/wp-json\/wp\/v2\/pages\/1120\/revisions"}],"wp:attachment":[{"href":"https:\/\/www.hotel-deauville-le-chantilly.fr\/es\/wp-json\/wp\/v2\/media?parent=1120"}],"curies":[{"name":"wp","href":"https:\/\/api.w.org\/{rel}","templated":true}]}}