{"id":1190,"date":"2022-09-27T13:17:36","date_gmt":"2022-09-27T13:17:36","guid":{"rendered":"https:\/\/www.hotel-deauville-le-chantilly.fr\/?page_id=1190"},"modified":"2022-09-27T13:18:07","modified_gmt":"2022-09-27T13:18:07","slug":"detente-instantanee","status":"publish","type":"page","link":"https:\/\/www.hotel-deauville-le-chantilly.fr\/es\/1060-2\/detente-instantanee\/","title":{"rendered":"D\u00e9tente instantan\u00e9e"},"content":{"rendered":"<p style=\"text-align: center;\">Cada d\u00eda compartimos con usted un momento de relajaci\u00f3n en torno a una degustaci\u00f3n de productos locales. Honra a Normand\u00eda y a Calvados con sidra, zumo de manzana, bebidas de desintoxicaci\u00f3n a base de frutas org\u00e1nicas y muchas otras que son el orgullo de nuestra regi\u00f3n.<\/p>\n","protected":false},"excerpt":{"rendered":"<p>Cada d\u00eda compartimos con usted un momento de relajaci\u00f3n en torno a una degustaci\u00f3n de productos locales. Honra a Normand\u00eda y a Calvados con sidra, zumo de manzana, bebidas de desintoxicaci\u00f3n a base de frutas org\u00e1nicas y muchas otras que son el orgullo de nuestra regi\u00f3n.<\/p>\n","protected":false},"author":453,"featured_media":437,"parent":1102,"menu_order":40,"comment_status":"closed","ping_status":"closed","template":"template-single-service.php","meta":{"footnotes":""},"class_list":["post-1190","page","type-page","status-publish","has-post-thumbnail","hentry"],"yoast_head":"<!-- This site is optimized with the Yoast SEO plugin v26.9 - https:\/\/yoast.com\/product\/yoast-seo-wordpress\/ -->\n<title>D\u00e9tente instantan\u00e9e - Hotel Le Chantilly<\/title>\n<meta name=\"description\" content=\"Cada d\u00eda compartimos con usted un momento de relajaci\u00f3n en torno a una degustaci\u00f3n de productos locales. Honra a Normand\u00eda y a Calvados con sidra, zumo de\" \/>\n<meta name=\"robots\" content=\"index, follow, max-snippet:-1, max-image-preview:large, max-video-preview:-1\" \/>\n<link rel=\"canonical\" href=\"https:\/\/www.hotel-deauville-le-chantilly.fr\/es\/1060-2\/detente-instantanee\/\" \/>\n<meta property=\"og:locale\" content=\"es_ES\" \/>\n<meta property=\"og:type\" content=\"article\" \/>\n<meta property=\"og:title\" content=\"D\u00e9tente instantan\u00e9e - Hotel Le Chantilly\" \/>\n<meta property=\"og:description\" content=\"Cada d\u00eda compartimos con usted un momento de relajaci\u00f3n en torno a una degustaci\u00f3n de productos locales. Honra a Normand\u00eda y a Calvados con sidra, zumo de\" \/>\n<meta property=\"og:url\" content=\"https:\/\/www.hotel-deauville-le-chantilly.fr\/es\/1060-2\/detente-instantanee\/\" \/>\n<meta property=\"og:site_name\" content=\"Hotel Le Chantilly\" \/>\n<meta property=\"article:modified_time\" content=\"2022-09-27T13:18:07+00:00\" \/>\n<meta property=\"og:image\" content=\"https:\/\/www.hotel-deauville-le-chantilly.fr\/wp-content\/uploads\/sites\/53\/2019\/08\/Detox.jpg\" \/>\n\t<meta property=\"og:image:width\" content=\"2412\" \/>\n\t<meta property=\"og:image:height\" content=\"1358\" \/>\n\t<meta property=\"og:image:type\" content=\"image\/jpeg\" \/>\n<meta name=\"twitter:card\" content=\"summary_large_image\" \/>\n<script type=\"application\/ld+json\" class=\"yoast-schema-graph\">{\"@context\":\"https:\/\/schema.org\",\"@graph\":[{\"@type\":\"WebPage\",\"@id\":\"https:\/\/www.hotel-deauville-le-chantilly.fr\/es\/1060-2\/detente-instantanee\/\",\"url\":\"https:\/\/www.hotel-deauville-le-chantilly.fr\/es\/1060-2\/detente-instantanee\/\",\"name\":\"D\u00e9tente instantan\u00e9e - Hotel Le Chantilly\",\"isPartOf\":{\"@id\":\"https:\/\/www.hotel-deauville-le-chantilly.fr\/es\/#website\"},\"primaryImageOfPage\":{\"@id\":\"https:\/\/www.hotel-deauville-le-chantilly.fr\/es\/1060-2\/detente-instantanee\/#primaryimage\"},\"image\":{\"@id\":\"https:\/\/www.hotel-deauville-le-chantilly.fr\/es\/1060-2\/detente-instantanee\/#primaryimage\"},\"thumbnailUrl\":\"https:\/\/www.hotel-deauville-le-chantilly.fr\/wp-content\/uploads\/sites\/53\/2019\/08\/Detox.jpg\",\"datePublished\":\"2022-09-27T13:17:36+00:00\",\"dateModified\":\"2022-09-27T13:18:07+00:00\",\"description\":\"Cada d\u00eda compartimos con usted un momento de relajaci\u00f3n en torno a una degustaci\u00f3n de productos locales. Honra a Normand\u00eda y a Calvados con sidra, zumo de\",\"breadcrumb\":{\"@id\":\"https:\/\/www.hotel-deauville-le-chantilly.fr\/es\/1060-2\/detente-instantanee\/#breadcrumb\"},\"inLanguage\":\"es\",\"potentialAction\":[{\"@type\":\"ReadAction\",\"target\":[\"https:\/\/www.hotel-deauville-le-chantilly.fr\/es\/1060-2\/detente-instantanee\/\"]}]},{\"@type\":\"ImageObject\",\"inLanguage\":\"es\",\"@id\":\"https:\/\/www.hotel-deauville-le-chantilly.fr\/es\/1060-2\/detente-instantanee\/#primaryimage\",\"url\":\"https:\/\/www.hotel-deauville-le-chantilly.fr\/wp-content\/uploads\/sites\/53\/2019\/08\/Detox.jpg\",\"contentUrl\":\"https:\/\/www.hotel-deauville-le-chantilly.fr\/wp-content\/uploads\/sites\/53\/2019\/08\/Detox.jpg\",\"width\":2412,\"height\":1358},{\"@type\":\"BreadcrumbList\",\"@id\":\"https:\/\/www.hotel-deauville-le-chantilly.fr\/es\/1060-2\/detente-instantanee\/#breadcrumb\",\"itemListElement\":[{\"@type\":\"ListItem\",\"position\":1,\"name\":\"Home\",\"item\":\"https:\/\/www.hotel-deauville-le-chantilly.fr\/es\/\"},{\"@type\":\"ListItem\",\"position\":2,\"name\":\"Services\",\"item\":\"https:\/\/www.hotel-deauville-le-chantilly.fr\/es\/1060-2\/\"},{\"@type\":\"ListItem\",\"position\":3,\"name\":\"D\u00e9tente instantan\u00e9e\"}]},{\"@type\":\"WebSite\",\"@id\":\"https:\/\/www.hotel-deauville-le-chantilly.fr\/es\/#website\",\"url\":\"https:\/\/www.hotel-deauville-le-chantilly.fr\/es\/\",\"name\":\"Hotel Le Chantilly\",\"description\":\"\",\"potentialAction\":[{\"@type\":\"SearchAction\",\"target\":{\"@type\":\"EntryPoint\",\"urlTemplate\":\"https:\/\/www.hotel-deauville-le-chantilly.fr\/es\/?s={search_term_string}\"},\"query-input\":{\"@type\":\"PropertyValueSpecification\",\"valueRequired\":true,\"valueName\":\"search_term_string\"}}],\"inLanguage\":\"es\"}]}<\/script>\n<!-- \/ Yoast SEO plugin. -->","yoast_head_json":{"title":"D\u00e9tente instantan\u00e9e - Hotel Le Chantilly","description":"Cada d\u00eda compartimos con usted un momento de relajaci\u00f3n en torno a una degustaci\u00f3n de productos locales. Honra a Normand\u00eda y a Calvados con sidra, zumo de","robots":{"index":"index","follow":"follow","max-snippet":"max-snippet:-1","max-image-preview":"max-image-preview:large","max-video-preview":"max-video-preview:-1"},"canonical":"https:\/\/www.hotel-deauville-le-chantilly.fr\/es\/1060-2\/detente-instantanee\/","og_locale":"es_ES","og_type":"article","og_title":"D\u00e9tente instantan\u00e9e - Hotel Le Chantilly","og_description":"Cada d\u00eda compartimos con usted un momento de relajaci\u00f3n en torno a una degustaci\u00f3n de productos locales. Honra a Normand\u00eda y a Calvados con sidra, zumo de","og_url":"https:\/\/www.hotel-deauville-le-chantilly.fr\/es\/1060-2\/detente-instantanee\/","og_site_name":"Hotel Le Chantilly","article_modified_time":"2022-09-27T13:18:07+00:00","og_image":[{"width":2412,"height":1358,"url":"https:\/\/www.hotel-deauville-le-chantilly.fr\/wp-content\/uploads\/sites\/53\/2019\/08\/Detox.jpg","type":"image\/jpeg"}],"twitter_card":"summary_large_image","schema":{"@context":"https:\/\/schema.org","@graph":[{"@type":"WebPage","@id":"https:\/\/www.hotel-deauville-le-chantilly.fr\/es\/1060-2\/detente-instantanee\/","url":"https:\/\/www.hotel-deauville-le-chantilly.fr\/es\/1060-2\/detente-instantanee\/","name":"D\u00e9tente instantan\u00e9e - Hotel Le Chantilly","isPartOf":{"@id":"https:\/\/www.hotel-deauville-le-chantilly.fr\/es\/#website"},"primaryImageOfPage":{"@id":"https:\/\/www.hotel-deauville-le-chantilly.fr\/es\/1060-2\/detente-instantanee\/#primaryimage"},"image":{"@id":"https:\/\/www.hotel-deauville-le-chantilly.fr\/es\/1060-2\/detente-instantanee\/#primaryimage"},"thumbnailUrl":"https:\/\/www.hotel-deauville-le-chantilly.fr\/wp-content\/uploads\/sites\/53\/2019\/08\/Detox.jpg","datePublished":"2022-09-27T13:17:36+00:00","dateModified":"2022-09-27T13:18:07+00:00","description":"Cada d\u00eda compartimos con usted un momento de relajaci\u00f3n en torno a una degustaci\u00f3n de productos locales. Honra a Normand\u00eda y a Calvados con sidra, zumo de","breadcrumb":{"@id":"https:\/\/www.hotel-deauville-le-chantilly.fr\/es\/1060-2\/detente-instantanee\/#breadcrumb"},"inLanguage":"es","potentialAction":[{"@type":"ReadAction","target":["https:\/\/www.hotel-deauville-le-chantilly.fr\/es\/1060-2\/detente-instantanee\/"]}]},{"@type":"ImageObject","inLanguage":"es","@id":"https:\/\/www.hotel-deauville-le-chantilly.fr\/es\/1060-2\/detente-instantanee\/#primaryimage","url":"https:\/\/www.hotel-deauville-le-chantilly.fr\/wp-content\/uploads\/sites\/53\/2019\/08\/Detox.jpg","contentUrl":"https:\/\/www.hotel-deauville-le-chantilly.fr\/wp-content\/uploads\/sites\/53\/2019\/08\/Detox.jpg","width":2412,"height":1358},{"@type":"BreadcrumbList","@id":"https:\/\/www.hotel-deauville-le-chantilly.fr\/es\/1060-2\/detente-instantanee\/#breadcrumb","itemListElement":[{"@type":"ListItem","position":1,"name":"Home","item":"https:\/\/www.hotel-deauville-le-chantilly.fr\/es\/"},{"@type":"ListItem","position":2,"name":"Services","item":"https:\/\/www.hotel-deauville-le-chantilly.fr\/es\/1060-2\/"},{"@type":"ListItem","position":3,"name":"D\u00e9tente instantan\u00e9e"}]},{"@type":"WebSite","@id":"https:\/\/www.hotel-deauville-le-chantilly.fr\/es\/#website","url":"https:\/\/www.hotel-deauville-le-chantilly.fr\/es\/","name":"Hotel Le Chantilly","description":"","potentialAction":[{"@type":"SearchAction","target":{"@type":"EntryPoint","urlTemplate":"https:\/\/www.hotel-deauville-le-chantilly.fr\/es\/?s={search_term_string}"},"query-input":{"@type":"PropertyValueSpecification","valueRequired":true,"valueName":"search_term_string"}}],"inLanguage":"es"}]}},"acf":[],"_links":{"self":[{"href":"https:\/\/www.hotel-deauville-le-chantilly.fr\/es\/wp-json\/wp\/v2\/pages\/1190","targetHints":{"allow":["GET"]}}],"collection":[{"href":"https:\/\/www.hotel-deauville-le-chantilly.fr\/es\/wp-json\/wp\/v2\/pages"}],"about":[{"href":"https:\/\/www.hotel-deauville-le-chantilly.fr\/es\/wp-json\/wp\/v2\/types\/page"}],"author":[{"embeddable":true,"href":"https:\/\/www.hotel-deauville-le-chantilly.fr\/es\/wp-json\/wp\/v2\/users\/453"}],"replies":[{"embeddable":true,"href":"https:\/\/www.hotel-deauville-le-chantilly.fr\/es\/wp-json\/wp\/v2\/comments?post=1190"}],"version-history":[{"count":0,"href":"https:\/\/www.hotel-deauville-le-chantilly.fr\/es\/wp-json\/wp\/v2\/pages\/1190\/revisions"}],"up":[{"embeddable":true,"href":"https:\/\/www.hotel-deauville-le-chantilly.fr\/es\/wp-json\/wp\/v2\/pages\/1102"}],"wp:featuredmedia":[{"embeddable":true,"href":"https:\/\/www.hotel-deauville-le-chantilly.fr\/es\/wp-json\/wp\/v2\/media\/437"}],"wp:attachment":[{"href":"https:\/\/www.hotel-deauville-le-chantilly.fr\/es\/wp-json\/wp\/v2\/media?parent=1190"}],"curies":[{"name":"wp","href":"https:\/\/api.w.org\/{rel}","templated":true}]}}