{"id":1502,"date":"2026-04-10T07:55:01","date_gmt":"2026-04-10T07:55:01","guid":{"rendered":"https:\/\/www.hotel-deauville-le-chantilly.fr\/?page_id=1502"},"modified":"2026-04-10T14:39:49","modified_gmt":"2026-04-10T14:39:49","slug":"chambre-double-eco-a-grand-lit","status":"publish","type":"page","link":"https:\/\/www.hotel-deauville-le-chantilly.fr\/es\/las-habitaciones\/chambre-double-eco-a-grand-lit\/","title":{"rendered":"Chambre Double Eco \u00e0 grand lit"},"content":{"rendered":"<p style=\"text-align: center;\">Cette chambre de 14 m2 tout confort et lumineuse, dispose d&#8217;une salle de bain privative avec baignoire et s\u00e8che-cheveux, d&#8217;une connexion Wi-Fi gratuite et d&#8217;une t\u00e9l\u00e9vision. Lit de 140\/190, au calme, vue sur cour ou sur rue.<br \/>\nPetit-d\u00e9jeuner Buffet inclus<\/p>\n","protected":false},"excerpt":{"rendered":"<p>Cette chambre de 14 m2 tout confort et lumineuse, dispose d&#8217;une salle de bain privative avec baignoire et s\u00e8che-cheveux, d&#8217;une connexion Wi-Fi gratuite et d&#8217;une t\u00e9l\u00e9vision. Lit de 140\/190, au calme, vue sur cour ou sur rue. Petit-d\u00e9jeuner Buffet inclus<\/p>\n","protected":false},"author":75,"featured_media":1500,"parent":1099,"menu_order":10,"comment_status":"closed","ping_status":"closed","template":"template-single-room.php","meta":{"footnotes":""},"class_list":["post-1502","page","type-page","status-publish","has-post-thumbnail","hentry"],"yoast_head":"<!-- This site is optimized with the Yoast SEO plugin v26.9 - https:\/\/yoast.com\/product\/yoast-seo-wordpress\/ -->\n<title>Chambre Double Eco \u00e0 grand lit - Hotel Le Chantilly<\/title>\n<meta name=\"description\" content=\"Cette chambre de 14 m2 tout confort et lumineuse, dispose d&#039;une salle de bain privative avec baignoire et s\u00e8che-cheveux, d&#039;une connexion Wi-Fi gratuite et\" \/>\n<meta name=\"robots\" content=\"index, follow, max-snippet:-1, max-image-preview:large, max-video-preview:-1\" \/>\n<link rel=\"canonical\" href=\"https:\/\/www.hotel-deauville-le-chantilly.fr\/es\/las-habitaciones\/chambre-double-eco-a-grand-lit\/\" \/>\n<meta property=\"og:locale\" content=\"es_ES\" \/>\n<meta property=\"og:type\" content=\"article\" \/>\n<meta property=\"og:title\" content=\"Chambre Double Eco \u00e0 grand lit - Hotel Le Chantilly\" \/>\n<meta property=\"og:description\" content=\"Cette chambre de 14 m2 tout confort et lumineuse, dispose d&#039;une salle de bain privative avec baignoire et s\u00e8che-cheveux, d&#039;une connexion Wi-Fi gratuite et\" \/>\n<meta property=\"og:url\" content=\"https:\/\/www.hotel-deauville-le-chantilly.fr\/es\/las-habitaciones\/chambre-double-eco-a-grand-lit\/\" \/>\n<meta property=\"og:site_name\" content=\"Hotel Le Chantilly\" \/>\n<meta property=\"article:modified_time\" content=\"2026-04-10T14:39:49+00:00\" \/>\n<meta name=\"twitter:card\" content=\"summary_large_image\" \/>\n<meta name=\"twitter:label1\" content=\"Tiempo de lectura\" \/>\n\t<meta name=\"twitter:data1\" content=\"1 minuto\" \/>\n<script type=\"application\/ld+json\" class=\"yoast-schema-graph\">{\"@context\":\"https:\/\/schema.org\",\"@graph\":[{\"@type\":\"WebPage\",\"@id\":\"https:\/\/www.hotel-deauville-le-chantilly.fr\/es\/las-habitaciones\/chambre-double-eco-a-grand-lit\/\",\"url\":\"https:\/\/www.hotel-deauville-le-chantilly.fr\/es\/las-habitaciones\/chambre-double-eco-a-grand-lit\/\",\"name\":\"Chambre Double Eco \u00e0 grand lit - Hotel Le Chantilly\",\"isPartOf\":{\"@id\":\"https:\/\/www.hotel-deauville-le-chantilly.fr\/es\/#website\"},\"primaryImageOfPage\":{\"@id\":\"https:\/\/www.hotel-deauville-le-chantilly.fr\/es\/las-habitaciones\/chambre-double-eco-a-grand-lit\/#primaryimage\"},\"image\":{\"@id\":\"https:\/\/www.hotel-deauville-le-chantilly.fr\/es\/las-habitaciones\/chambre-double-eco-a-grand-lit\/#primaryimage\"},\"thumbnailUrl\":\"\",\"datePublished\":\"2026-04-10T07:55:01+00:00\",\"dateModified\":\"2026-04-10T14:39:49+00:00\",\"description\":\"Cette chambre de 14 m2 tout confort et lumineuse, dispose d'une salle de bain privative avec baignoire et s\u00e8che-cheveux, d'une connexion Wi-Fi gratuite et\",\"breadcrumb\":{\"@id\":\"https:\/\/www.hotel-deauville-le-chantilly.fr\/es\/las-habitaciones\/chambre-double-eco-a-grand-lit\/#breadcrumb\"},\"inLanguage\":\"es\",\"potentialAction\":[{\"@type\":\"ReadAction\",\"target\":[\"https:\/\/www.hotel-deauville-le-chantilly.fr\/es\/las-habitaciones\/chambre-double-eco-a-grand-lit\/\"]}]},{\"@type\":\"ImageObject\",\"inLanguage\":\"es\",\"@id\":\"https:\/\/www.hotel-deauville-le-chantilly.fr\/es\/las-habitaciones\/chambre-double-eco-a-grand-lit\/#primaryimage\",\"url\":\"\",\"contentUrl\":\"\",\"width\":1200,\"height\":900},{\"@type\":\"BreadcrumbList\",\"@id\":\"https:\/\/www.hotel-deauville-le-chantilly.fr\/es\/las-habitaciones\/chambre-double-eco-a-grand-lit\/#breadcrumb\",\"itemListElement\":[{\"@type\":\"ListItem\",\"position\":1,\"name\":\"Home\",\"item\":\"https:\/\/www.hotel-deauville-le-chantilly.fr\/es\/\"},{\"@type\":\"ListItem\",\"position\":2,\"name\":\"Las habitaciones\",\"item\":\"https:\/\/www.hotel-deauville-le-chantilly.fr\/es\/las-habitaciones\/\"},{\"@type\":\"ListItem\",\"position\":3,\"name\":\"Chambre Double Eco \u00e0 grand lit\"}]},{\"@type\":\"WebSite\",\"@id\":\"https:\/\/www.hotel-deauville-le-chantilly.fr\/es\/#website\",\"url\":\"https:\/\/www.hotel-deauville-le-chantilly.fr\/es\/\",\"name\":\"Hotel Le Chantilly\",\"description\":\"\",\"potentialAction\":[{\"@type\":\"SearchAction\",\"target\":{\"@type\":\"EntryPoint\",\"urlTemplate\":\"https:\/\/www.hotel-deauville-le-chantilly.fr\/es\/?s={search_term_string}\"},\"query-input\":{\"@type\":\"PropertyValueSpecification\",\"valueRequired\":true,\"valueName\":\"search_term_string\"}}],\"inLanguage\":\"es\"}]}<\/script>\n<!-- \/ Yoast SEO plugin. -->","yoast_head_json":{"title":"Chambre Double Eco \u00e0 grand lit - Hotel Le Chantilly","description":"Cette chambre de 14 m2 tout confort et lumineuse, dispose d'une salle de bain privative avec baignoire et s\u00e8che-cheveux, d'une connexion Wi-Fi gratuite et","robots":{"index":"index","follow":"follow","max-snippet":"max-snippet:-1","max-image-preview":"max-image-preview:large","max-video-preview":"max-video-preview:-1"},"canonical":"https:\/\/www.hotel-deauville-le-chantilly.fr\/es\/las-habitaciones\/chambre-double-eco-a-grand-lit\/","og_locale":"es_ES","og_type":"article","og_title":"Chambre Double Eco \u00e0 grand lit - Hotel Le Chantilly","og_description":"Cette chambre de 14 m2 tout confort et lumineuse, dispose d'une salle de bain privative avec baignoire et s\u00e8che-cheveux, d'une connexion Wi-Fi gratuite et","og_url":"https:\/\/www.hotel-deauville-le-chantilly.fr\/es\/las-habitaciones\/chambre-double-eco-a-grand-lit\/","og_site_name":"Hotel Le Chantilly","article_modified_time":"2026-04-10T14:39:49+00:00","twitter_card":"summary_large_image","twitter_misc":{"Tiempo de lectura":"1 minuto"},"schema":{"@context":"https:\/\/schema.org","@graph":[{"@type":"WebPage","@id":"https:\/\/www.hotel-deauville-le-chantilly.fr\/es\/las-habitaciones\/chambre-double-eco-a-grand-lit\/","url":"https:\/\/www.hotel-deauville-le-chantilly.fr\/es\/las-habitaciones\/chambre-double-eco-a-grand-lit\/","name":"Chambre Double Eco \u00e0 grand lit - Hotel Le Chantilly","isPartOf":{"@id":"https:\/\/www.hotel-deauville-le-chantilly.fr\/es\/#website"},"primaryImageOfPage":{"@id":"https:\/\/www.hotel-deauville-le-chantilly.fr\/es\/las-habitaciones\/chambre-double-eco-a-grand-lit\/#primaryimage"},"image":{"@id":"https:\/\/www.hotel-deauville-le-chantilly.fr\/es\/las-habitaciones\/chambre-double-eco-a-grand-lit\/#primaryimage"},"thumbnailUrl":"","datePublished":"2026-04-10T07:55:01+00:00","dateModified":"2026-04-10T14:39:49+00:00","description":"Cette chambre de 14 m2 tout confort et lumineuse, dispose d'une salle de bain privative avec baignoire et s\u00e8che-cheveux, d'une connexion Wi-Fi gratuite et","breadcrumb":{"@id":"https:\/\/www.hotel-deauville-le-chantilly.fr\/es\/las-habitaciones\/chambre-double-eco-a-grand-lit\/#breadcrumb"},"inLanguage":"es","potentialAction":[{"@type":"ReadAction","target":["https:\/\/www.hotel-deauville-le-chantilly.fr\/es\/las-habitaciones\/chambre-double-eco-a-grand-lit\/"]}]},{"@type":"ImageObject","inLanguage":"es","@id":"https:\/\/www.hotel-deauville-le-chantilly.fr\/es\/las-habitaciones\/chambre-double-eco-a-grand-lit\/#primaryimage","url":"","contentUrl":"","width":1200,"height":900},{"@type":"BreadcrumbList","@id":"https:\/\/www.hotel-deauville-le-chantilly.fr\/es\/las-habitaciones\/chambre-double-eco-a-grand-lit\/#breadcrumb","itemListElement":[{"@type":"ListItem","position":1,"name":"Home","item":"https:\/\/www.hotel-deauville-le-chantilly.fr\/es\/"},{"@type":"ListItem","position":2,"name":"Las habitaciones","item":"https:\/\/www.hotel-deauville-le-chantilly.fr\/es\/las-habitaciones\/"},{"@type":"ListItem","position":3,"name":"Chambre Double Eco \u00e0 grand lit"}]},{"@type":"WebSite","@id":"https:\/\/www.hotel-deauville-le-chantilly.fr\/es\/#website","url":"https:\/\/www.hotel-deauville-le-chantilly.fr\/es\/","name":"Hotel Le Chantilly","description":"","potentialAction":[{"@type":"SearchAction","target":{"@type":"EntryPoint","urlTemplate":"https:\/\/www.hotel-deauville-le-chantilly.fr\/es\/?s={search_term_string}"},"query-input":{"@type":"PropertyValueSpecification","valueRequired":true,"valueName":"search_term_string"}}],"inLanguage":"es"}]}},"acf":[],"_links":{"self":[{"href":"https:\/\/www.hotel-deauville-le-chantilly.fr\/es\/wp-json\/wp\/v2\/pages\/1502","targetHints":{"allow":["GET"]}}],"collection":[{"href":"https:\/\/www.hotel-deauville-le-chantilly.fr\/es\/wp-json\/wp\/v2\/pages"}],"about":[{"href":"https:\/\/www.hotel-deauville-le-chantilly.fr\/es\/wp-json\/wp\/v2\/types\/page"}],"author":[{"embeddable":true,"href":"https:\/\/www.hotel-deauville-le-chantilly.fr\/es\/wp-json\/wp\/v2\/users\/75"}],"replies":[{"embeddable":true,"href":"https:\/\/www.hotel-deauville-le-chantilly.fr\/es\/wp-json\/wp\/v2\/comments?post=1502"}],"version-history":[{"count":0,"href":"https:\/\/www.hotel-deauville-le-chantilly.fr\/es\/wp-json\/wp\/v2\/pages\/1502\/revisions"}],"up":[{"embeddable":true,"href":"https:\/\/www.hotel-deauville-le-chantilly.fr\/es\/wp-json\/wp\/v2\/pages\/1099"}],"wp:featuredmedia":[{"embeddable":true,"href":"https:\/\/www.hotel-deauville-le-chantilly.fr\/es\/wp-json\/wp\/v2\/media\/1500"}],"wp:attachment":[{"href":"https:\/\/www.hotel-deauville-le-chantilly.fr\/es\/wp-json\/wp\/v2\/media?parent=1502"}],"curies":[{"name":"wp","href":"https:\/\/api.w.org\/{rel}","templated":true}]}}